{"id":57,"date":"2022-09-13T13:23:14","date_gmt":"2022-09-13T11:23:14","guid":{"rendered":"http:\/\/distrieco.fr\/?page_id=57"},"modified":"2022-10-06T16:08:15","modified_gmt":"2022-10-06T14:08:15","slug":"depot","status":"publish","type":"page","link":"https:\/\/distrieco.fr\/index.php\/depot\/","title":{"rendered":"D\u00e9p\u00f4t"},"content":{"rendered":"\t\t<div data-elementor-type=\"wp-page\" data-elementor-id=\"57\" class=\"elementor elementor-57\">\n\t\t\t\t\t\t\t\t\t<section class=\"elementor-section elementor-top-section elementor-element elementor-element-1f1319ef elementor-section-boxed elementor-section-height-default elementor-section-height-default\" data-id=\"1f1319ef\" data-element_type=\"section\">\n\t\t\t\t\t\t<div class=\"elementor-container elementor-column-gap-default\">\n\t\t\t\t\t<div class=\"elementor-column elementor-col-100 elementor-top-column elementor-element elementor-element-67085bac\" data-id=\"67085bac\" data-element_type=\"column\">\n\t\t\t<div class=\"elementor-widget-wrap elementor-element-populated\">\n\t\t\t\t\t\t\t\t<div class=\"elementor-element elementor-element-4b84a459 elementor-widget elementor-widget-image\" data-id=\"4b84a459\" data-element_type=\"widget\" data-widget_type=\"image.default\">\n\t\t\t\t<div class=\"elementor-widget-container\">\n\t\t\t<style>\/*! elementor - v3.7.4 - 31-08-2022 *\/\n.elementor-widget-image{text-align:center}.elementor-widget-image a{display:inline-block}.elementor-widget-image a img[src$=\".svg\"]{width:48px}.elementor-widget-image img{vertical-align:middle;display:inline-block}<\/style>\t\t\t\t\t\t\t\t\t\t\t\t\t<a href=\"https:\/\/www.distrieco.fr\/index.php\">\n\t\t\t\t\t\t\t<img loading=\"lazy\" decoding=\"async\" width=\"300\" height=\"80\" src=\"https:\/\/distrieco.fr\/wp-content\/uploads\/2022\/09\/distrieco-300x80.png\" class=\"attachment-medium size-medium\" alt=\"distrieco.fr\" srcset=\"https:\/\/distrieco.fr\/wp-content\/uploads\/2022\/09\/distrieco-300x80.png 300w, https:\/\/distrieco.fr\/wp-content\/uploads\/2022\/09\/distrieco-768x206.png 768w, https:\/\/distrieco.fr\/wp-content\/uploads\/2022\/09\/distrieco.png 818w\" sizes=\"auto, (max-width: 300px) 100vw, 300px\" \/>\t\t\t\t\t\t\t\t<\/a>\n\t\t\t\t\t\t\t\t\t\t\t\t\t\t\t<\/div>\n\t\t\t\t<\/div>\n\t\t\t\t\t<\/div>\n\t\t<\/div>\n\t\t\t\t\t\t\t<\/div>\n\t\t<\/section>\n\t\t\t\t<section class=\"elementor-section elementor-top-section elementor-element elementor-element-7ff0386c elementor-section-boxed elementor-section-height-default elementor-section-height-default\" data-id=\"7ff0386c\" data-element_type=\"section\">\n\t\t\t\t\t\t<div class=\"elementor-container elementor-column-gap-default\">\n\t\t\t\t\t<div class=\"elementor-column elementor-col-100 elementor-top-column elementor-element elementor-element-51d6b19c\" data-id=\"51d6b19c\" data-element_type=\"column\">\n\t\t\t<div class=\"elementor-widget-wrap elementor-element-populated\">\n\t\t\t\t\t\t\t\t<div class=\"elementor-element elementor-element-24696eb5 elementor-widget elementor-widget-oew-nav\" data-id=\"24696eb5\" data-element_type=\"widget\" data-widget_type=\"oew-nav.default\">\n\t\t\t\t<div class=\"elementor-widget-container\">\n\t\t\t\r\n\t\t<div class=\"custom-header-nav clr\">\r\n\t\t\t\t\t\t<div id=\"site-navigation-wrap\" class=\"clr\">\r\n\t\t\t\r\n\t\t\t\r\n\t\t\t\r\n\t\t\t<nav id=\"site-navigation\" class=\"navigation main-navigation clr\" itemscope=\"itemscope\" itemtype=\"https:\/\/schema.org\/SiteNavigationElement\" role=\"navigation\" >\r\n\r\n\t\t\t\t<ul id=\"menu-distrieco\" class=\"main-menu dropdown-menu sf-menu\"><li id=\"menu-item-329\" class=\"menu-item menu-item-type-post_type menu-item-object-page menu-item-home menu-item-329\"><a href=\"https:\/\/distrieco.fr\/\" class=\"menu-link\"><span class=\"text-wrap\">ACCUEIL<\/span><\/a><\/li><li id=\"menu-item-192\" class=\"menu-item menu-item-type-custom menu-item-object-custom menu-item-192\"><a href=\"https:\/\/www.distributeurs-rentables.fr\/\" class=\"menu-link\"><span class=\"text-wrap\">ACHAT<\/span><\/a><\/li><li id=\"menu-item-405\" class=\"menu-item menu-item-type-post_type menu-item-object-page menu-item-405\"><a href=\"https:\/\/distrieco.fr\/index.php\/location\/\" class=\"menu-link\"><span class=\"text-wrap\">LOCATION<\/span><\/a><\/li><li id=\"menu-item-404\" class=\"menu-item menu-item-type-post_type menu-item-object-page menu-item-404\"><a href=\"https:\/\/distrieco.fr\/index.php\/depot\/\" class=\"menu-link\"><span class=\"text-wrap\">D\u00c9P\u00d4T<\/span><\/a><\/li><li id=\"menu-item-199\" class=\"menu-item menu-item-type-custom menu-item-object-custom menu-item-199\"><a href=\"https:\/\/www.distributeurs-rentables.com\" class=\"menu-link\"><span class=\"text-wrap\">SE FORMER<\/span><\/a><\/li><li id=\"menu-item-67\" class=\"menu-item menu-item-type-post_type menu-item-object-page menu-item-67\"><a href=\"https:\/\/distrieco.fr\/index.php\/contact\/\" class=\"menu-link\"><span class=\"text-wrap\">CONTACT<\/span><\/a><\/li><li class=\"search-toggle-li\" ><a href=\"javascript:void(0)\" class=\"site-search-toggle search-dropdown-toggle\" aria-label=\"Search website\"><i class=\" icon-magnifier\" aria-hidden=\"true\" role=\"img\"><\/i><\/a><\/li><\/ul>\r\n<div id=\"searchform-dropdown\" class=\"header-searchform-wrap clr\" >\r\n\t\r\n<form role=\"search\" method=\"get\" class=\"searchform\" action=\"https:\/\/distrieco.fr\/\">\r\n\t<label for=\"ocean-search-form-1\">\r\n\t\t<span class=\"screen-reader-text\">Search this website<\/span>\r\n\t\t<input type=\"search\" id=\"ocean-search-form-1\" class=\"field\" autocomplete=\"off\" placeholder=\"Search\" name=\"s\">\r\n\t\t\t<\/label>\r\n\t<\/form>\r\n<\/div><!-- #searchform-dropdown -->\r\n\r\n\t\t\t<\/nav><!-- #site-navigation -->\r\n\r\n\t\t\t\r\n\t\t\t\r\n\t\t\t\t\t<\/div><!-- #site-navigation-wrap -->\r\n\t\t\t\r\n\t\t\r\n\t\r\n\t\r\n\t<div class=\"oceanwp-mobile-menu-icon clr mobile-right\">\r\n\r\n\t\t\r\n\t\t\r\n\t\t\r\n\t\t<a href=\"#\" class=\"mobile-menu\"  aria-label=\"Mobile Menu\">\r\n\t\t\t\t\t\t\t<i class=\"fa fa-bars\" aria-hidden=\"true\"><\/i>\r\n\t\t\t\t\t\t\t\t<span class=\"oceanwp-text\">Menu<\/span>\r\n\t\t\t\t<span class=\"oceanwp-close-text\">Close<\/span>\r\n\t\t\t\t\t\t<\/a>\r\n\r\n\t\t\r\n\t\t\r\n\t\t\r\n\t<\/div><!-- #oceanwp-mobile-menu-navbar -->\r\n\r\n\t\r\n\r\n<div id=\"mobile-dropdown\" class=\"clr\" >\r\n\r\n\t<nav class=\"clr\" itemscope=\"itemscope\" itemtype=\"https:\/\/schema.org\/SiteNavigationElement\">\r\n\r\n\t\t<ul id=\"menu-distrieco-1\" class=\"menu\"><li class=\"menu-item menu-item-type-post_type menu-item-object-page menu-item-home menu-item-329\"><a href=\"https:\/\/distrieco.fr\/\">ACCUEIL<\/a><\/li>\n<li class=\"menu-item menu-item-type-custom menu-item-object-custom menu-item-192\"><a href=\"https:\/\/www.distributeurs-rentables.fr\/\">ACHAT<\/a><\/li>\n<li class=\"menu-item menu-item-type-post_type menu-item-object-page menu-item-405\"><a href=\"https:\/\/distrieco.fr\/index.php\/location\/\">LOCATION<\/a><\/li>\n<li class=\"menu-item menu-item-type-post_type menu-item-object-page menu-item-404\"><a href=\"https:\/\/distrieco.fr\/index.php\/depot\/\">D\u00c9P\u00d4T<\/a><\/li>\n<li class=\"menu-item menu-item-type-custom menu-item-object-custom menu-item-199\"><a href=\"https:\/\/www.distributeurs-rentables.com\">SE FORMER<\/a><\/li>\n<li class=\"menu-item menu-item-type-post_type menu-item-object-page menu-item-67\"><a href=\"https:\/\/distrieco.fr\/index.php\/contact\/\">CONTACT<\/a><\/li>\n<li class=\"search-toggle-li\" ><a href=\"javascript:void(0)\" class=\"site-search-toggle search-dropdown-toggle\" aria-label=\"Search website\"><i class=\" icon-magnifier\" aria-hidden=\"true\" role=\"img\"><\/i><\/a><\/li><\/ul>\r\n<div id=\"mobile-menu-search\" class=\"clr\">\r\n\t<form aria-label=\"Search this website\" method=\"get\" action=\"https:\/\/distrieco.fr\/\" class=\"mobile-searchform\">\r\n\t\t<input aria-label=\"Insert search query\" value=\"\" class=\"field\" id=\"ocean-mobile-search-2\" type=\"search\" name=\"s\" autocomplete=\"off\" placeholder=\"Search\" \/>\r\n\t\t<button aria-label=\"Submit search\" type=\"submit\" class=\"searchform-submit\">\r\n\t\t\t<i class=\" icon-magnifier\" aria-hidden=\"true\" role=\"img\"><\/i>\t\t<\/button>\r\n\t\t\t\t\t<\/form>\r\n<\/div><!-- .mobile-menu-search -->\r\n\r\n\t<\/nav>\r\n\r\n<\/div>\r\n\t\t<\/div>\r\n\r\n\t\t\t<\/div>\n\t\t\t\t<\/div>\n\t\t\t\t\t<\/div>\n\t\t<\/div>\n\t\t\t\t\t\t\t<\/div>\n\t\t<\/section>\n\t\t\t\t<section class=\"elementor-section elementor-top-section elementor-element elementor-element-e54d473 elementor-section-boxed elementor-section-height-default elementor-section-height-default\" data-id=\"e54d473\" data-element_type=\"section\" data-settings=\"{&quot;background_background&quot;:&quot;classic&quot;}\">\n\t\t\t\t\t\t\t<div class=\"elementor-background-overlay\"><\/div>\n\t\t\t\t\t\t\t<div class=\"elementor-container elementor-column-gap-default\">\n\t\t\t\t\t<div class=\"elementor-column elementor-col-100 elementor-top-column elementor-element elementor-element-2b22fb3f\" data-id=\"2b22fb3f\" data-element_type=\"column\">\n\t\t\t<div class=\"elementor-widget-wrap elementor-element-populated\">\n\t\t\t\t\t\t\t\t<div class=\"elementor-element elementor-element-4b179a5b elementor-widget elementor-widget-heading\" data-id=\"4b179a5b\" data-element_type=\"widget\" data-widget_type=\"heading.default\">\n\t\t\t\t<div class=\"elementor-widget-container\">\n\t\t\t<style>\/*! elementor - v3.7.4 - 31-08-2022 *\/\n.elementor-heading-title{padding:0;margin:0;line-height:1}.elementor-widget-heading .elementor-heading-title[class*=elementor-size-]>a{color:inherit;font-size:inherit;line-height:inherit}.elementor-widget-heading .elementor-heading-title.elementor-size-small{font-size:15px}.elementor-widget-heading .elementor-heading-title.elementor-size-medium{font-size:19px}.elementor-widget-heading .elementor-heading-title.elementor-size-large{font-size:29px}.elementor-widget-heading .elementor-heading-title.elementor-size-xl{font-size:39px}.elementor-widget-heading .elementor-heading-title.elementor-size-xxl{font-size:59px}<\/style><h2 class=\"elementor-heading-title elementor-size-xxl\">D \u00c9 P \u00d4 T<\/h2>\t\t<\/div>\n\t\t\t\t<\/div>\n\t\t\t\t\t<\/div>\n\t\t<\/div>\n\t\t\t\t\t\t\t<\/div>\n\t\t<\/section>\n\t\t\t\t<section class=\"elementor-section elementor-top-section elementor-element elementor-element-6be4c1b8 elementor-section-boxed elementor-section-height-default elementor-section-height-default\" data-id=\"6be4c1b8\" data-element_type=\"section\" data-settings=\"{&quot;background_background&quot;:&quot;classic&quot;}\">\n\t\t\t\t\t\t<div class=\"elementor-container elementor-column-gap-default\">\n\t\t\t\t\t<div class=\"elementor-column elementor-col-100 elementor-top-column elementor-element elementor-element-2b343c3b\" data-id=\"2b343c3b\" data-element_type=\"column\">\n\t\t\t<div class=\"elementor-widget-wrap elementor-element-populated\">\n\t\t\t\t\t\t\t\t<div class=\"elementor-element elementor-element-4c38b73 elementor-widget elementor-widget-heading\" data-id=\"4c38b73\" data-element_type=\"widget\" data-widget_type=\"heading.default\">\n\t\t\t\t<div class=\"elementor-widget-container\">\n\t\t\t<h2 class=\"elementor-heading-title elementor-size-xl\">VOUS SOUHAITEZ B\u00c9N\u00c9FICIER D'UN D\u00c9P\u00d4T PAR NOS SOINS ? <br>\n CONTACTEZ-NOUS D\u00c8S MAINTENANT !<\/h2>\t\t<\/div>\n\t\t\t\t<\/div>\n\t\t\t\t<div class=\"elementor-element elementor-element-15944212 elementor-invisible elementor-widget elementor-widget-heading\" data-id=\"15944212\" data-element_type=\"widget\" data-settings=\"{&quot;_animation&quot;:&quot;bounceIn&quot;}\" data-widget_type=\"heading.default\">\n\t\t\t\t<div class=\"elementor-widget-container\">\n\t\t\t<h2 class=\"elementor-heading-title elementor-size-large\"><a href=\"mailto:CONTACT@ESCAPETHEGAME.FR\">PAR MAIL \u00c0 CONTACT@DISTRIBUTEURS-RENTABLES.FR<\/a><\/h2>\t\t<\/div>\n\t\t\t\t<\/div>\n\t\t\t\t\t<\/div>\n\t\t<\/div>\n\t\t\t\t\t\t\t<\/div>\n\t\t<\/section>\n\t\t\t\t\t\t\t<\/div>\n\t\t","protected":false},"excerpt":{"rendered":"<p>ACCUEIL ACHAT LOCATION D\u00c9P\u00d4T SE FORMER CONTACT Rechercher sur ce site Menu Fermer ACCUEIL ACHAT LOCATION D\u00c9P\u00d4T SE FORMER CONTACT D \u00c9 P \u00d4 T VOUS SOUHAITEZ B\u00c9N\u00c9FICIER D&#8217;UN D\u00c9P\u00d4T PAR NOS SOINS ? CONTACTEZ-NOUS D\u00c8S MAINTENANT ! PAR MAIL \u00c0 CONTACT@DISTRIBUTEURS-RENTABLES.FR<\/p>\n","protected":false},"author":1,"featured_media":0,"parent":0,"menu_order":0,"comment_status":"closed","ping_status":"closed","template":"","meta":{"footnotes":""},"class_list":["post-57","page","type-page","status-publish","hentry","entry"],"_links":{"self":[{"href":"https:\/\/distrieco.fr\/index.php\/wp-json\/wp\/v2\/pages\/57","targetHints":{"allow":["GET"]}}],"collection":[{"href":"https:\/\/distrieco.fr\/index.php\/wp-json\/wp\/v2\/pages"}],"about":[{"href":"https:\/\/distrieco.fr\/index.php\/wp-json\/wp\/v2\/types\/page"}],"author":[{"embeddable":true,"href":"https:\/\/distrieco.fr\/index.php\/wp-json\/wp\/v2\/users\/1"}],"replies":[{"embeddable":true,"href":"https:\/\/distrieco.fr\/index.php\/wp-json\/wp\/v2\/comments?post=57"}],"version-history":[{"count":20,"href":"https:\/\/distrieco.fr\/index.php\/wp-json\/wp\/v2\/pages\/57\/revisions"}],"predecessor-version":[{"id":426,"href":"https:\/\/distrieco.fr\/index.php\/wp-json\/wp\/v2\/pages\/57\/revisions\/426"}],"wp:attachment":[{"href":"https:\/\/distrieco.fr\/index.php\/wp-json\/wp\/v2\/media?parent=57"}],"curies":[{"name":"wp","href":"https:\/\/api.w.org\/{rel}","templated":true}]}}